{"id":38,"date":"2022-07-26T10:49:38","date_gmt":"2022-07-26T10:49:38","guid":{"rendered":"https:\/\/www.fuhselab.de\/wordpress\/?page_id=38"},"modified":"2024-04-25T08:08:29","modified_gmt":"2024-04-25T06:08:29","slug":"webdesign","status":"publish","type":"page","link":"https:\/\/www.fuhselab.de\/index.php\/webdesign\/","title":{"rendered":"Webdesign"},"content":{"rendered":"\n<h1 class=\"wp-block-heading\">Webdesign Gruppe Peine:<\/h1>\n\n\n\n<p>Wer sich f\u00fcr HTML, CSS und PHP und alle anderen Webtechnologien interessiert, ist in der Webdesign-Gruppe-Peine genau richtig. Wenn Du Lust hast mitzumachen, dann melde dich einfach beim Fuhselab.<\/p>\n\n\n\n<p>Die Webdesign Gruppe trifft sich Mittwochs von 18:00 Uhr bis 21:00 Uhr. Die Teilnehmerzahl ist begrenzt und deshalb bitte vorher per <a href=\"https:\/\/www.fuhselab.de\/index.php\/kontakt\/\">Kontaktformular<\/a> oder Mail an info@fuhselab.de melden. Der Veranstaltungsort wird kurzfristig festgelegt und den Teilnehmerinnen und Teilnehmern per E-Mail mitgeteilt.<\/p>\n\n\n\n<p>Das Angebot \u201cWebdesign Gruppe Peine\u201c kann f\u00fcr einen Jahresbeitrag von 60,- Euro genutzt werden. F\u00fcr einen Beitrag von 20,- Euro pro Teilnehmer k\u00f6nnen die Workshops genutzt werden. Materialkosten werden projektabh\u00e4ngig zus\u00e4tzlich erhoben.<\/p>\n","protected":false},"excerpt":{"rendered":"<p>Webdesign Gruppe Peine: Wer sich f\u00fcr HTML, CSS und PHP und alle anderen Webtechnologien interessiert, ist in der Webdesign-Gruppe-Peine genau richtig. Wenn Du Lust hast mitzumachen, dann melde dich einfach beim Fuhselab. Die Webdesign Gruppe trifft sich Mittwochs von 18:00 Uhr bis 21:00 Uhr. Die Teilnehmerzahl ist begrenzt und deshalb bitte vorher per Kontaktformular oder [&hellip;]<\/p>\n","protected":false},"author":1,"featured_media":0,"parent":0,"menu_order":0,"comment_status":"closed","ping_status":"closed","template":"","meta":{"footnotes":""},"class_list":["post-38","page","type-page","status-publish","hentry"],"_links":{"self":[{"href":"https:\/\/www.fuhselab.de\/index.php\/wp-json\/wp\/v2\/pages\/38","targetHints":{"allow":["GET"]}}],"collection":[{"href":"https:\/\/www.fuhselab.de\/index.php\/wp-json\/wp\/v2\/pages"}],"about":[{"href":"https:\/\/www.fuhselab.de\/index.php\/wp-json\/wp\/v2\/types\/page"}],"author":[{"embeddable":true,"href":"https:\/\/www.fuhselab.de\/index.php\/wp-json\/wp\/v2\/users\/1"}],"replies":[{"embeddable":true,"href":"https:\/\/www.fuhselab.de\/index.php\/wp-json\/wp\/v2\/comments?post=38"}],"version-history":[{"count":7,"href":"https:\/\/www.fuhselab.de\/index.php\/wp-json\/wp\/v2\/pages\/38\/revisions"}],"predecessor-version":[{"id":1391,"href":"https:\/\/www.fuhselab.de\/index.php\/wp-json\/wp\/v2\/pages\/38\/revisions\/1391"}],"wp:attachment":[{"href":"https:\/\/www.fuhselab.de\/index.php\/wp-json\/wp\/v2\/media?parent=38"}],"curies":[{"name":"wp","href":"https:\/\/api.w.org\/{rel}","templated":true}]}}