{"id":32,"date":"2022-07-26T10:48:33","date_gmt":"2022-07-26T10:48:33","guid":{"rendered":"https:\/\/www.fuhselab.de\/wordpress\/?page_id=32"},"modified":"2025-08-20T21:39:54","modified_gmt":"2025-08-20T19:39:54","slug":"linux","status":"publish","type":"page","link":"https:\/\/www.fuhselab.de\/index.php\/linux\/","title":{"rendered":"Linux"},"content":{"rendered":"\n<h1 class=\"wp-block-heading\">Linux Gruppe Peine:<\/h1>\n\n\n\n<p>Wer sich f\u00fcr das Betriebssystem Linux und Open Source Hardware und Software interessiert ist in der Linux Gruppe Peine genau richtig. Wenn Du Lust hast mitzumachen, dann melde dich einfach beim Fuhselab.<\/p>\n\n\n\n<p>Die Linux Gruppe Peine trifft sich Donnerstags von 18:00 Uhr bis 21:00 Uhr. Die Teilnehmerzahl ist begrenzt und deshalb bitte vorher per <a href=\"https:\/\/www.fuhselab.de\/index.php\/kontakt\/\">Kontaktformular<\/a> oder Mail an info@fuhselab.de melden. Der Veranstaltungsort wird kurzfristig festgelegt und den Teilnehmerinnen und Teilnehmern per E-Mail mitgeteilt.<\/p>\n\n\n\n<p>Das Angebot \u201cLinux Gruppe Peine\u201c kann f\u00fcr einen Jahresbeitrag von 60,- Euro genutzt werden. F\u00fcr einen Beitrag von 20,- Euro pro Teilnehmer k\u00f6nnen die Workshops genutzt werden. Materialkosten werden projektabh\u00e4ngig zus\u00e4tzlich erhoben.<\/p>\n\n\n\n<p><\/p>\n","protected":false},"excerpt":{"rendered":"<p>Linux Gruppe Peine: Wer sich f\u00fcr das Betriebssystem Linux und Open Source Hardware und Software interessiert ist in der Linux Gruppe Peine genau richtig. Wenn Du Lust hast mitzumachen, dann melde dich einfach beim Fuhselab. Die Linux Gruppe Peine trifft sich Donnerstags von 18:00 Uhr bis 21:00 Uhr. Die Teilnehmerzahl ist begrenzt und deshalb bitte [&hellip;]<\/p>\n","protected":false},"author":1,"featured_media":0,"parent":0,"menu_order":0,"comment_status":"closed","ping_status":"closed","template":"","meta":{"footnotes":""},"class_list":["post-32","page","type-page","status-publish","hentry"],"_links":{"self":[{"href":"https:\/\/www.fuhselab.de\/index.php\/wp-json\/wp\/v2\/pages\/32","targetHints":{"allow":["GET"]}}],"collection":[{"href":"https:\/\/www.fuhselab.de\/index.php\/wp-json\/wp\/v2\/pages"}],"about":[{"href":"https:\/\/www.fuhselab.de\/index.php\/wp-json\/wp\/v2\/types\/page"}],"author":[{"embeddable":true,"href":"https:\/\/www.fuhselab.de\/index.php\/wp-json\/wp\/v2\/users\/1"}],"replies":[{"embeddable":true,"href":"https:\/\/www.fuhselab.de\/index.php\/wp-json\/wp\/v2\/comments?post=32"}],"version-history":[{"count":14,"href":"https:\/\/www.fuhselab.de\/index.php\/wp-json\/wp\/v2\/pages\/32\/revisions"}],"predecessor-version":[{"id":2886,"href":"https:\/\/www.fuhselab.de\/index.php\/wp-json\/wp\/v2\/pages\/32\/revisions\/2886"}],"wp:attachment":[{"href":"https:\/\/www.fuhselab.de\/index.php\/wp-json\/wp\/v2\/media?parent=32"}],"curies":[{"name":"wp","href":"https:\/\/api.w.org\/{rel}","templated":true}]}}